{"id":216,"date":"2025-06-27T04:43:59","date_gmt":"2025-06-27T02:43:59","guid":{"rendered":"https:\/\/damart.ooptimo.dev\/politica-de-privacidad\/"},"modified":"2025-10-06T18:23:29","modified_gmt":"2025-10-06T16:23:29","slug":"privacy-policy","status":"publish","type":"page","link":"https:\/\/damartexport.com\/en\/privacy-policy\/","title":{"rendered":"Privacy Policy"},"content":{"rendered":"\n<p><strong>INFORMACI\u00d3N AL USUARIO<\/strong><\/p>\n\n\n\n<p><strong>\u00bfQui\u00e9n es el responsable del tratamiento de tus datos personales?<\/strong><\/p>\n\n\n\n<p><strong>DAVID MART\u00cdNEZ MANZANERA<\/strong> es el RESPONSABLE del tratamiento de los datos personales del USUARIO y le informa de que estos datos ser\u00e1n tratados de conformidad con lo dispuesto en el Reglamento (UE) 2016\/679, de 27 de abril (GDPR), y la Ley Org\u00e1nica 3\/2018, de 5 de diciembre (LOPDGDD).<\/p>\n\n\n\n<p><strong>\u00bfPara qu\u00e9 tratamos tus datos personales?<\/strong><\/p>\n\n\n\n<p>Para mantener una relaci\u00f3n comercial con el usuario. Las operaciones previstas para realizar el tratamiento son:<\/p>\n\n\n\n<ul class=\"wp-block-list\">\n<li>Remisi\u00f3n de comunicaciones comerciales publicitarias por e-mail, fax, SMS, MMS, redes sociales o<br>cualquier otro medio electr\u00f3nico o f\u00edsico, presente o futuro, que posibilite realizar comunicaciones<br>comerciales. Estas comunicaciones ser\u00e1n realizadas por el RESPONSABLE y estar\u00e1n relacionadas con<br>sus productos y servicios, o de sus colaboradores o proveedores, con los que este haya alcanzado<br>alg\u00fan acuerdo de promoci\u00f3n. En este caso, los terceros nunca tendr\u00e1n acceso a los datos personales.<\/li>\n\n\n\n<li>Realizar estudios de mercado y an\u00e1lisis estad\u00edsticos.<\/li>\n\n\n\n<li>Tramitar encargos, solicitudes, dar respuesta a las consultas o cualquier tipo de petici\u00f3n que sea<br>realizada por el USUARIO a trav\u00e9s de cualquiera de las formas de contacto que se ponen a su<br>disposici\u00f3n en la p\u00e1gina web del RESPONSABLE.<\/li>\n\n\n\n<li>Remitir el bolet\u00edn informativo online, sobre novedades, ofertas y promociones en nuestra actividad.<\/li>\n<\/ul>\n\n\n\n<p><strong>\u00bfPor qu\u00e9 motivo podemos tratar tus datos personales?<\/strong><\/p>\n\n\n\n<p>Porque el tratamiento est\u00e1 legitimado por el art\u00edculo 6 del GDPR de la siguiente forma:<\/p>\n\n\n\n<ul class=\"wp-block-list\">\n<li>Con el consentimiento del USUARIO: remisi\u00f3n de comunicaciones comerciales y del bolet\u00edn<br>informativo.<\/li>\n\n\n\n<li>Por inter\u00e9s leg\u00edtimo del RESPONSABLE: realizar estudios de mercado, an\u00e1lisis estad\u00edsticos, etc. y<br>tramitar encargos, solicitudes, etc. a petici\u00f3n del USUARIO.<\/li>\n<\/ul>\n\n\n\n<p><strong>\u00bfDurante cu\u00e1nto tiempo guardaremos tus datos personales?<\/strong><\/p>\n\n\n\n<p>Se conservar\u00e1n durante no m\u00e1s tiempo del necesario para mantener el fin del tratamiento o existan<br>prescripciones legales que dictaminen su custodia y cuando ya no sea necesario para ello, se suprimir\u00e1n con medidas de seguridad adecuadas para garantizar la anonimizaci\u00f3n de los datos o la destrucci\u00f3n total de los mismos.<\/p>\n\n\n\n<p><strong>\u00bfA qui\u00e9n facilitamos tus datos personales?<\/strong><\/p>\n\n\n\n<p>No est\u00e1 prevista ninguna comunicaci\u00f3n de datos personales a terceros salvo, si fuese necesario para el<br>desarrollo y ejecuci\u00f3n de las finalidades del tratamiento, a nuestros proveedores de servicios relacionados con comunicaciones, con los cuales el RESPONSABLE tiene suscritos los contratos de confidencialidad y de encargado de tratamiento exigidos por la normativa vigente de privacidad.<\/p>\n\n\n\n<p><strong>\u00bfCu\u00e1les son tus derechos?<\/strong><\/p>\n\n\n\n<p>Los derechos que asisten al USUARIO son:<\/p>\n\n\n\n<ul class=\"wp-block-list\">\n<li>Derecho a retirar el consentimiento en cualquier momento.<\/li>\n\n\n\n<li>Derecho de acceso, rectificaci\u00f3n, portabilidad y supresi\u00f3n de sus datos, y de limitaci\u00f3n u oposici\u00f3n a su tratamiento.<\/li>\n\n\n\n<li>Derecho a presentar una reclamaci\u00f3n ante la autoridad de control (www.aepd.es) si considera que <em>el tratamiento no se ajusta a la normativa vigente.<\/em><\/li>\n<\/ul>\n\n\n\n<p><strong>Datos de contacto para ejercer sus derechos:<\/strong><\/p>\n\n\n\n<p>DAVID MART\u00cdNEZ MANZANERA. CL. LES MORERES, 24 &#8211; 46134 FOIOS (Val\u00e8ncia). E-mail:<br>david@damartexport.com.<\/p>\n\n\n\n<p><strong>2. CAR\u00c1CTER OBLIGATORIO O FACULTATIVO DE LA INFORMACI\u00d3N FACILITADA POR EL USUARIO<\/strong><\/p>\n\n\n\n<p>Los USUARIOS, mediante la marcaci\u00f3n de las casillas correspondientes y la entrada de datos en los<br>campos, marcados con un asterisco (*) en el formulario de contacto o presentados en formularios de<br>descarga, aceptan expresamente y de forma libre e inequ\u00edvoca, que sus datos son necesarios para atender su petici\u00f3n, por parte del prestador, siendo voluntaria la inclusi\u00f3n de datos en los campos restantes. El USUARIO garantiza que los datos personales facilitados al RESPONSABLE son veraces y se hace responsable de comunicar cualquier modificaci\u00f3n de los mismos.<\/p>\n\n\n\n<p>El RESPONSABLE informa de que todos los datos solicitados a trav\u00e9s del sitio web son obligatorios, ya que son necesarios para la prestaci\u00f3n de un servicio \u00f3ptimo al USUARIO. En caso de que no se faciliten todos los datos, no se garantiza que la informaci\u00f3n y servicios facilitados sean completamente ajustados a sus necesidades.<\/p>\n\n\n\n<p><strong>3. MEDIDAS DE SEGURIDAD<\/strong><\/p>\n\n\n\n<p>Que de conformidad con lo dispuesto en las normativas vigentes en protecci\u00f3n de datos personales, el<br>RESPONSABLE est\u00e1 cumpliendo con todas las disposiciones de las normativas GDPR y LOPDGDD para el tratamiento de los datos personales de su responsabilidad, y manifiestamente con los principios descritos en el art\u00edculo 5 del GDPR, por los cuales son tratados de manera l\u00edcita, leal y transparente en relaci\u00f3n con el interesado y adecuados, pertinentes y limitados a lo necesario en relaci\u00f3n con los fines para los que son tratados.<\/p>\n\n\n\n<p>El RESPONSABLE garantiza que ha implementado pol\u00edticas t\u00e9cnicas y organizativas apropiadas para aplicar las medidas de seguridad que establecen el GDPR y la LOPDGDD con el fin de proteger los derechos y libertades de los USUARIOS y les ha comunicado la informaci\u00f3n adecuada para que puedan ejercerlos.<\/p>\n\n\n\n<p>Para m\u00e1s informaci\u00f3n sobre las garant\u00edas de privacidad, puedes dirigirte al RESPONSABLE a trav\u00e9s de DAVID MART\u00cdNEZ MANZANERA. CL. LES MORERES, 24 &#8211; 46134 FOIOS (Val\u00e8ncia). E-mail: david@damartexport.com<\/p>\n","protected":false},"excerpt":{"rendered":"<p>INFORMACI\u00d3N AL USUARIO \u00bfQui\u00e9n es el responsable del tratamiento de tus datos personales? DAVID MART\u00cdNEZ MANZANERA es el RESPONSABLE del tratamiento de los datos personales del USUARIO y le informa de que estos datos ser\u00e1n tratados de conformidad con lo dispuesto en el Reglamento (UE) 2016\/679, de 27 de abril (GDPR), y la Ley Org\u00e1nica&#8230; <a class=\"excerpt-read-more\" href=\"https:\/\/damartexport.com\/en\/privacy-policy\/\" title=\"Read Privacy Policy\">Read more &raquo;<\/a><\/p>\n","protected":false},"author":1,"featured_media":0,"parent":0,"menu_order":0,"comment_status":"closed","ping_status":"closed","template":"template-legal.blade.php","meta":{"_acf_changed":false,"_joinchat":[],"footnotes":""},"class_list":["post-216","page","type-page","status-publish","hentry"],"acf":[],"yoast_head":"<title>Privacy Policy | Da Mart Export<\/title>\n<meta name=\"description\" content=\"Learn more about how we protect your personal data. Here you&#039;ll find all the details about our Privacy Policy and how we handle your information.\" \/>\n<meta name=\"robots\" content=\"index, follow, max-snippet:-1, max-image-preview:large, max-video-preview:-1\" \/>\n<link rel=\"canonical\" href=\"https:\/\/damartexport.com\/en\/privacy-policy\/\" \/>\n<meta property=\"og:locale\" content=\"en_US\" \/>\n<meta property=\"og:type\" content=\"article\" \/>\n<meta property=\"og:title\" content=\"Privacy Policy | Da Mart Export\" \/>\n<meta property=\"og:description\" content=\"Learn more about how we protect your personal data. Here you&#039;ll find all the details about our Privacy Policy and how we handle your information.\" \/>\n<meta property=\"og:url\" content=\"https:\/\/damartexport.com\/en\/privacy-policy\/\" \/>\n<meta property=\"og:site_name\" content=\"Da Mart Export\" \/>\n<meta property=\"article:publisher\" content=\"https:\/\/www.facebook.com\/checkpoint\/260950855804872\/?next=httpswww.facebook.compagesDa-Mart-Export292478394163263#\" \/>\n<meta property=\"article:modified_time\" content=\"2025-10-06T16:23:29+00:00\" \/>\n<meta name=\"twitter:card\" content=\"summary_large_image\" \/>\n<meta name=\"twitter:site\" content=\"@DaMartExport\" \/>\n<meta name=\"twitter:label1\" content=\"Est. reading time\" \/>\n\t<meta name=\"twitter:data1\" content=\"6 minutes\" \/>\n<script type=\"application\/ld+json\" class=\"yoast-schema-graph\">{\"@context\":\"https:\/\/schema.org\",\"@graph\":[{\"@type\":\"WebPage\",\"@id\":\"https:\/\/damartexport.com\/en\/privacy-policy\/\",\"url\":\"https:\/\/damartexport.com\/en\/privacy-policy\/\",\"name\":\"Privacy Policy | Da Mart Export\",\"isPartOf\":{\"@id\":\"https:\/\/damartexport.com\/#website\"},\"datePublished\":\"2025-06-27T02:43:59+00:00\",\"dateModified\":\"2025-10-06T16:23:29+00:00\",\"description\":\"Learn more about how we protect your personal data. Here you'll find all the details about our Privacy Policy and how we handle your information.\",\"breadcrumb\":{\"@id\":\"https:\/\/damartexport.com\/en\/privacy-policy\/#breadcrumb\"},\"inLanguage\":\"en-US\",\"potentialAction\":[{\"@type\":\"ReadAction\",\"target\":[\"https:\/\/damartexport.com\/en\/privacy-policy\/\"]}]},{\"@type\":\"BreadcrumbList\",\"@id\":\"https:\/\/damartexport.com\/en\/privacy-policy\/#breadcrumb\",\"itemListElement\":[{\"@type\":\"ListItem\",\"position\":1,\"name\":\"Portada\",\"item\":\"https:\/\/damartexport.com\/en\/\"},{\"@type\":\"ListItem\",\"position\":2,\"name\":\"Privacy Policy\"}]},{\"@type\":\"WebSite\",\"@id\":\"https:\/\/damartexport.com\/#website\",\"url\":\"https:\/\/damartexport.com\/\",\"name\":\"DaMart Export\",\"description\":\"Nos especializamos en la comercializaci\u00f3n y exportaci\u00f3n de materiales para la construcci\u00f3n, facilitando su distribuci\u00f3n tanto a nivel nacional como internacional.\",\"publisher\":{\"@id\":\"https:\/\/damartexport.com\/#organization\"},\"alternateName\":\"DaMart Export\",\"potentialAction\":[{\"@type\":\"SearchAction\",\"target\":{\"@type\":\"EntryPoint\",\"urlTemplate\":\"https:\/\/damartexport.com\/?s={search_term_string}\"},\"query-input\":{\"@type\":\"PropertyValueSpecification\",\"valueRequired\":true,\"valueName\":\"search_term_string\"}}],\"inLanguage\":\"en-US\"},{\"@type\":\"Organization\",\"@id\":\"https:\/\/damartexport.com\/#organization\",\"name\":\"DaMart Export\",\"alternateName\":\"DaMart Export\",\"url\":\"https:\/\/damartexport.com\/\",\"logo\":{\"@type\":\"ImageObject\",\"inLanguage\":\"en-US\",\"@id\":\"https:\/\/damartexport.com\/#\/schema\/logo\/image\/\",\"url\":\"https:\/\/damartexport.com\/wp-content\/uploads\/2025\/06\/logo-damart-export-footer.svg\",\"contentUrl\":\"https:\/\/damartexport.com\/wp-content\/uploads\/2025\/06\/logo-damart-export-footer.svg\",\"width\":1,\"height\":1,\"caption\":\"DaMart Export\"},\"image\":{\"@id\":\"https:\/\/damartexport.com\/#\/schema\/logo\/image\/\"},\"sameAs\":[\"https:\/\/www.facebook.com\/checkpoint\/260950855804872\/?next=httpswww.facebook.compagesDa-Mart-Export292478394163263#\",\"https:\/\/x.com\/DaMartExport\",\"https:\/\/www.instagram.com\/da_mart_export\/\"]}]}<\/script>","yoast_head_json":{"title":"Privacy Policy | Da Mart Export","description":"Learn more about how we protect your personal data. Here you'll find all the details about our Privacy Policy and how we handle your information.","robots":{"index":"index","follow":"follow","max-snippet":"max-snippet:-1","max-image-preview":"max-image-preview:large","max-video-preview":"max-video-preview:-1"},"canonical":"https:\/\/damartexport.com\/en\/privacy-policy\/","og_locale":"en_US","og_type":"article","og_title":"Privacy Policy | Da Mart Export","og_description":"Learn more about how we protect your personal data. Here you'll find all the details about our Privacy Policy and how we handle your information.","og_url":"https:\/\/damartexport.com\/en\/privacy-policy\/","og_site_name":"Da Mart Export","article_publisher":"https:\/\/www.facebook.com\/checkpoint\/260950855804872\/?next=httpswww.facebook.compagesDa-Mart-Export292478394163263#","article_modified_time":"2025-10-06T16:23:29+00:00","twitter_card":"summary_large_image","twitter_site":"@DaMartExport","twitter_misc":{"Est. reading time":"6 minutes"},"schema":{"@context":"https:\/\/schema.org","@graph":[{"@type":"WebPage","@id":"https:\/\/damartexport.com\/en\/privacy-policy\/","url":"https:\/\/damartexport.com\/en\/privacy-policy\/","name":"Privacy Policy | Da Mart Export","isPartOf":{"@id":"https:\/\/damartexport.com\/#website"},"datePublished":"2025-06-27T02:43:59+00:00","dateModified":"2025-10-06T16:23:29+00:00","description":"Learn more about how we protect your personal data. Here you'll find all the details about our Privacy Policy and how we handle your information.","breadcrumb":{"@id":"https:\/\/damartexport.com\/en\/privacy-policy\/#breadcrumb"},"inLanguage":"en-US","potentialAction":[{"@type":"ReadAction","target":["https:\/\/damartexport.com\/en\/privacy-policy\/"]}]},{"@type":"BreadcrumbList","@id":"https:\/\/damartexport.com\/en\/privacy-policy\/#breadcrumb","itemListElement":[{"@type":"ListItem","position":1,"name":"Portada","item":"https:\/\/damartexport.com\/en\/"},{"@type":"ListItem","position":2,"name":"Privacy Policy"}]},{"@type":"WebSite","@id":"https:\/\/damartexport.com\/#website","url":"https:\/\/damartexport.com\/","name":"DaMart Export","description":"Nos especializamos en la comercializaci\u00f3n y exportaci\u00f3n de materiales para la construcci\u00f3n, facilitando su distribuci\u00f3n tanto a nivel nacional como internacional.","publisher":{"@id":"https:\/\/damartexport.com\/#organization"},"alternateName":"DaMart Export","potentialAction":[{"@type":"SearchAction","target":{"@type":"EntryPoint","urlTemplate":"https:\/\/damartexport.com\/?s={search_term_string}"},"query-input":{"@type":"PropertyValueSpecification","valueRequired":true,"valueName":"search_term_string"}}],"inLanguage":"en-US"},{"@type":"Organization","@id":"https:\/\/damartexport.com\/#organization","name":"DaMart Export","alternateName":"DaMart Export","url":"https:\/\/damartexport.com\/","logo":{"@type":"ImageObject","inLanguage":"en-US","@id":"https:\/\/damartexport.com\/#\/schema\/logo\/image\/","url":"https:\/\/damartexport.com\/wp-content\/uploads\/2025\/06\/logo-damart-export-footer.svg","contentUrl":"https:\/\/damartexport.com\/wp-content\/uploads\/2025\/06\/logo-damart-export-footer.svg","width":1,"height":1,"caption":"DaMart Export"},"image":{"@id":"https:\/\/damartexport.com\/#\/schema\/logo\/image\/"},"sameAs":["https:\/\/www.facebook.com\/checkpoint\/260950855804872\/?next=httpswww.facebook.compagesDa-Mart-Export292478394163263#","https:\/\/x.com\/DaMartExport","https:\/\/www.instagram.com\/da_mart_export\/"]}]}},"_links":{"self":[{"href":"https:\/\/damartexport.com\/en\/wp-json\/wp\/v2\/pages\/216","targetHints":{"allow":["GET"]}}],"collection":[{"href":"https:\/\/damartexport.com\/en\/wp-json\/wp\/v2\/pages"}],"about":[{"href":"https:\/\/damartexport.com\/en\/wp-json\/wp\/v2\/types\/page"}],"author":[{"embeddable":true,"href":"https:\/\/damartexport.com\/en\/wp-json\/wp\/v2\/users\/1"}],"replies":[{"embeddable":true,"href":"https:\/\/damartexport.com\/en\/wp-json\/wp\/v2\/comments?post=216"}],"version-history":[{"count":2,"href":"https:\/\/damartexport.com\/en\/wp-json\/wp\/v2\/pages\/216\/revisions"}],"predecessor-version":[{"id":643,"href":"https:\/\/damartexport.com\/en\/wp-json\/wp\/v2\/pages\/216\/revisions\/643"}],"wp:attachment":[{"href":"https:\/\/damartexport.com\/en\/wp-json\/wp\/v2\/media?parent=216"}],"curies":[{"name":"wp","href":"https:\/\/api.w.org\/{rel}","templated":true}]}}